{"id":2140,"date":"2025-10-04T16:04:32","date_gmt":"2025-10-04T14:04:32","guid":{"rendered":"https:\/\/dev.hak-villach.at\/?page_id=2140"},"modified":"2025-10-07T10:09:37","modified_gmt":"2025-10-07T08:09:37","slug":"sga-elternverein","status":"publish","type":"page","link":"https:\/\/www.hak-villach.at\/?page_id=2140","title":{"rendered":"SGA-Elternverein\u200b"},"content":{"rendered":"\t\t<div data-elementor-type=\"wp-page\" data-elementor-id=\"2140\" class=\"elementor elementor-2140\" data-elementor-post-type=\"page\">\n\t\t\t\t<div class=\"elementor-element elementor-element-cd3aa93 e-flex e-con-boxed e-con e-parent\" data-id=\"cd3aa93\" data-element_type=\"container\" data-e-type=\"container\" data-settings=\"{&quot;background_background&quot;:&quot;classic&quot;}\">\n\t\t\t\t\t<div class=\"e-con-inner\">\n\t\t\t\t<div class=\"elementor-element elementor-element-e9277f0 elementor-widget elementor-widget-heading\" data-id=\"e9277f0\" data-element_type=\"widget\" data-e-type=\"widget\" data-widget_type=\"heading.default\">\n\t\t\t\t\t<h2 class=\"elementor-heading-title elementor-size-default\">SGA-Elternverein\u200b<\/h2>\t\t\t\t<\/div>\n\t\t\t\t\t<\/div>\n\t\t\t\t<\/div>\n\t\t<div class=\"elementor-element elementor-element-0d9934c e-flex e-con-boxed e-con e-parent\" data-id=\"0d9934c\" data-element_type=\"container\" data-e-type=\"container\">\n\t\t\t\t\t<div class=\"e-con-inner\">\n\t\t\t\t<div class=\"elementor-element elementor-element-33cefbe elementor-widget elementor-widget-heading\" data-id=\"33cefbe\" data-element_type=\"widget\" data-e-type=\"widget\" data-widget_type=\"heading.default\">\n\t\t\t\t\t<h2 class=\"elementor-heading-title elementor-size-default\">Elternvertreter:innen (Vorstand des Elternvereins):<\/h2>\t\t\t\t<\/div>\n\t\t\t\t\t<\/div>\n\t\t\t\t<\/div>\n\t\t<div class=\"elementor-element elementor-element-cf41a9c e-flex e-con-boxed e-con e-parent\" data-id=\"cf41a9c\" data-element_type=\"container\" data-e-type=\"container\">\n\t\t\t\t\t<div class=\"e-con-inner\">\n\t\t\t\t<div class=\"elementor-element elementor-element-cbce9b5 elementor-widget elementor-widget-shortcode\" data-id=\"cbce9b5\" data-element_type=\"widget\" data-e-type=\"widget\" data-widget_type=\"shortcode.default\">\n\t\t\t\t\t\t\t<div class=\"elementor-shortcode\">\n<table id=\"tablepress-1\" class=\"tablepress tablepress-id-1\">\n<tbody class=\"row-striping row-hover\">\n<tr class=\"row-1\">\n\t<td class=\"column-1\">Obmann<\/td><td class=\"column-2\">Stefan GAGGL<\/td>\n<\/tr>\n<tr class=\"row-2\">\n\t<td class=\"column-1\">Stellvertreterin<\/td><td class=\"column-2\">Martina PIELER<\/td>\n<\/tr>\n<tr class=\"row-3\">\n\t<td class=\"column-1\">Kassierin<\/td><td class=\"column-2\">Ermina LONI\u0106<\/td>\n<\/tr>\n<tr class=\"row-4\">\n\t<td class=\"column-1\">Stellvertreterin<\/td><td class=\"column-2\">Monika SCHERZER<\/td>\n<\/tr>\n<tr class=\"row-5\">\n\t<td class=\"column-1\">Schriftf\u00fchrerin<\/td><td class=\"column-2\">Sonja NINDLER<\/td>\n<\/tr>\n<tr class=\"row-6\">\n\t<td class=\"column-1\">Stellvertreterin<\/td><td class=\"column-2\">Kerstin KERSCHBAUMER<\/td>\n<\/tr>\n<tr class=\"row-7\">\n\t<td class=\"column-1\">Rechnungspr\u00fcfer<\/td><td class=\"column-2\">G\u00fcnther WILPERNIG<\/td>\n<\/tr>\n<tr class=\"row-8\">\n\t<td class=\"column-1\">Stellvertreter<\/td><td class=\"column-2\">Nagib IBRAIMI<\/td>\n<\/tr>\n<\/tbody>\n<\/table>\n<\/div>\n\t\t\t\t\t\t<\/div>\n\t\t\t\t\t<\/div>\n\t\t\t\t<\/div>\n\t\t<div class=\"elementor-element elementor-element-e13655d e-flex e-con-boxed e-con e-parent\" data-id=\"e13655d\" data-element_type=\"container\" data-e-type=\"container\">\n\t\t\t\t\t<div class=\"e-con-inner\">\n\t\t\t\t<div class=\"elementor-element elementor-element-e74ce26 elementor-widget elementor-widget-heading\" data-id=\"e74ce26\" data-element_type=\"widget\" data-e-type=\"widget\" data-widget_type=\"heading.default\">\n\t\t\t\t\t<h2 class=\"elementor-heading-title elementor-size-default\">Zusammensetzung des SGA im Schuljahr 2024\/2025<\/h2>\t\t\t\t<\/div>\n\t\t\t\t\t<\/div>\n\t\t\t\t<\/div>\n\t\t<div class=\"elementor-element elementor-element-60b3199 e-flex e-con-boxed e-con e-parent\" data-id=\"60b3199\" data-element_type=\"container\" data-e-type=\"container\">\n\t\t\t\t\t<div class=\"e-con-inner\">\n\t\t\t\t<div class=\"elementor-element elementor-element-b892f31 elementor-widget elementor-widget-text-editor\" data-id=\"b892f31\" data-element_type=\"widget\" data-e-type=\"widget\" data-widget_type=\"text-editor.default\">\n\t\t\t\t\t\t\t\t\t<p>Vorsitz:\u00a0\u00a0<strong><a href=\"https:\/\/projekt.hak-villach.at\/direktion\/\">Dir. Mag. Thomas LANGER<\/a><\/strong><\/p>\t\t\t\t\t\t\t\t<\/div>\n\t\t\t\t\t<\/div>\n\t\t\t\t<\/div>\n\t\t<div class=\"elementor-element elementor-element-64e2619 e-flex e-con-boxed e-con e-parent\" data-id=\"64e2619\" data-element_type=\"container\" data-e-type=\"container\">\n\t\t\t\t\t<div class=\"e-con-inner\">\n\t\t\t\t<div class=\"elementor-element elementor-element-b339aa2 elementor-widget elementor-widget-heading\" data-id=\"b339aa2\" data-element_type=\"widget\" data-e-type=\"widget\" data-widget_type=\"heading.default\">\n\t\t\t\t\t<h2 class=\"elementor-heading-title elementor-size-default\">Sch\u00fclervertreter:innen:<\/h2>\t\t\t\t<\/div>\n\t\t\t\t\t<\/div>\n\t\t\t\t<\/div>\n\t\t<div class=\"elementor-element elementor-element-34268c7 e-flex e-con-boxed e-con e-parent\" data-id=\"34268c7\" data-element_type=\"container\" data-e-type=\"container\">\n\t\t\t\t\t<div class=\"e-con-inner\">\n\t\t\t\t<div class=\"elementor-element elementor-element-da1b9f3 elementor-widget elementor-widget-shortcode\" data-id=\"da1b9f3\" data-element_type=\"widget\" data-e-type=\"widget\" data-widget_type=\"shortcode.default\">\n\t\t\t\t\t\t\t<div class=\"elementor-shortcode\">\n<table id=\"tablepress-3\" class=\"tablepress tablepress-id-3\">\n<tbody class=\"row-striping row-hover\">\n<tr class=\"row-1\">\n\t<td class=\"column-1\">Schulsprecherin<\/td><td class=\"column-2\">Amalia HEATH (4BK)<\/td>\n<\/tr>\n<tr class=\"row-2\">\n\t<td class=\"column-1\">1. Stellvertreter<\/td><td class=\"column-2\">David LEITNER (2DK)<\/td>\n<\/tr>\n<tr class=\"row-3\">\n\t<td class=\"column-1\">2. Stellvertreter<\/td><td class=\"column-2\">Ben RABL (3AK)<\/td>\n<\/tr>\n<\/tbody>\n<\/table>\n<\/div>\n\t\t\t\t\t\t<\/div>\n\t\t\t\t\t<\/div>\n\t\t\t\t<\/div>\n\t\t<div class=\"elementor-element elementor-element-99e5460 e-flex e-con-boxed e-con e-parent\" data-id=\"99e5460\" data-element_type=\"container\" data-e-type=\"container\">\n\t\t\t\t\t<div class=\"e-con-inner\">\n\t\t\t\t<div class=\"elementor-element elementor-element-64a1498 elementor-widget elementor-widget-heading\" data-id=\"64a1498\" data-element_type=\"widget\" data-e-type=\"widget\" data-widget_type=\"heading.default\">\n\t\t\t\t\t<h2 class=\"elementor-heading-title elementor-size-default\">Lehrervertreter:innen<\/h2>\t\t\t\t<\/div>\n\t\t\t\t\t<\/div>\n\t\t\t\t<\/div>\n\t\t<div class=\"elementor-element elementor-element-34ab27f e-flex e-con-boxed e-con e-parent\" data-id=\"34ab27f\" data-element_type=\"container\" data-e-type=\"container\">\n\t\t\t\t\t<div class=\"e-con-inner\">\n\t\t\t\t<div class=\"elementor-element elementor-element-ae8d8b6 elementor-widget elementor-widget-shortcode\" data-id=\"ae8d8b6\" data-element_type=\"widget\" data-e-type=\"widget\" data-widget_type=\"shortcode.default\">\n\t\t\t\t\t\t\t<div class=\"elementor-shortcode\">\n<table id=\"tablepress-4\" class=\"tablepress tablepress-id-4\">\n<tbody class=\"row-striping row-hover\">\n<tr class=\"row-1\">\n\t<td class=\"column-1\">Prof. Mag. Erich FODITSCH<\/td>\n<\/tr>\n<tr class=\"row-2\">\n\t<td class=\"column-1\">Prof. Mag. Brigitte PLATZNER-STAUNIG<\/td>\n<\/tr>\n<tr class=\"row-3\">\n\t<td class=\"column-1\">Prof. Mag. Susanne SCHUBARSKY<\/td>\n<\/tr>\n<\/tbody>\n<\/table>\n<\/div>\n\t\t\t\t\t\t<\/div>\n\t\t\t\t\t<\/div>\n\t\t\t\t<\/div>\n\t\t<div class=\"elementor-element elementor-element-cefb21e e-flex e-con-boxed e-con e-parent\" data-id=\"cefb21e\" data-element_type=\"container\" data-e-type=\"container\">\n\t\t\t\t\t<div class=\"e-con-inner\">\n\t\t\t\t<div class=\"elementor-element elementor-element-d1bd0a3 elementor-widget elementor-widget-heading\" data-id=\"d1bd0a3\" data-element_type=\"widget\" data-e-type=\"widget\" data-widget_type=\"heading.default\">\n\t\t\t\t\t<h2 class=\"elementor-heading-title elementor-size-default\">Elternvertreter:innen:<\/h2>\t\t\t\t<\/div>\n\t\t\t\t\t<\/div>\n\t\t\t\t<\/div>\n\t\t<div class=\"elementor-element elementor-element-5576004 e-flex e-con-boxed e-con e-parent\" data-id=\"5576004\" data-element_type=\"container\" data-e-type=\"container\">\n\t\t\t\t\t<div class=\"e-con-inner\">\n\t\t\t\t<div class=\"elementor-element elementor-element-b4a2ef1 elementor-widget elementor-widget-shortcode\" data-id=\"b4a2ef1\" data-element_type=\"widget\" data-e-type=\"widget\" data-widget_type=\"shortcode.default\">\n\t\t\t\t\t\t\t<div class=\"elementor-shortcode\">\n<table id=\"tablepress-5\" class=\"tablepress tablepress-id-5\">\n<tbody class=\"row-striping row-hover\">\n<tr class=\"row-1\">\n\t<td class=\"column-1\">Stefan GAGGL<\/td>\n<\/tr>\n<tr class=\"row-2\">\n\t<td class=\"column-1\">Stefan CAMINI<\/td>\n<\/tr>\n<tr class=\"row-3\">\n\t<td class=\"column-1\">Monika SCHERZER<\/td>\n<\/tr>\n<\/tbody>\n<\/table>\n<\/div>\n\t\t\t\t\t\t<\/div>\n\t\t\t\t\t<\/div>\n\t\t\t\t<\/div>\n\t\t<div class=\"elementor-element elementor-element-95ff7c6 e-flex e-con-boxed e-con e-parent\" data-id=\"95ff7c6\" data-element_type=\"container\" data-e-type=\"container\">\n\t\t\t\t\t<div class=\"e-con-inner\">\n\t\t\t\t<div class=\"elementor-element elementor-element-60b6573 elementor-widget elementor-widget-heading\" data-id=\"60b6573\" data-element_type=\"widget\" data-e-type=\"widget\" data-widget_type=\"heading.default\">\n\t\t\t\t\t<h2 class=\"elementor-heading-title elementor-size-default\">Aufgaben und Kompetenzen des SGA<\/h2>\t\t\t\t<\/div>\n\t\t\t\t\t<\/div>\n\t\t\t\t<\/div>\n\t\t<div class=\"elementor-element elementor-element-713da8e e-flex e-con-boxed e-con e-parent\" data-id=\"713da8e\" data-element_type=\"container\" data-e-type=\"container\">\n\t\t\t\t\t<div class=\"e-con-inner\">\n\t\t\t\t<div class=\"elementor-element elementor-element-83f1c6a elementor-widget elementor-widget-text-editor\" data-id=\"83f1c6a\" data-element_type=\"widget\" data-e-type=\"widget\" data-widget_type=\"text-editor.default\">\n\t\t\t\t\t\t\t\t\t<p>Im SGA werden in der Drittelparit\u00e4t Lehrer \u2013 Eltern \u2013 Sch\u00fcler Entscheidungen \u00fcber Themen der Schulautonomie wie schulfreie Tage, schulfreier Samstag, autonome Teilungszahlen etc., getroffen.<\/p><p>Weiters obliegen dem SGA z.B. Fragen der Planung von mehrt\u00e4gigen Schulveranstaltungen betreffend Kosten und Art der Veranstaltung, Erkl\u00e4rungen von Veranstaltungen zu schulbezogenen Veranstaltungen, die Durchf\u00fchrung von Elternsprechtagen, Bewilligung von Sammlungen, Durchf\u00fchrung von Veranstaltungen der Schulbahnberatung und die Angelegenheiten der Schulgesundheitspflege, sowie Vorhaben, die der Mitgestaltung des Schullebens dienen.<\/p><p>Dem SGA unterliegt au\u00dferdem die Beratung \u00fcber wichtige Fragen des Unterrichts, der Erziehung, Unterrichtsmittel und Bauma\u00dfnahmen im Bereich der Schule.<br \/>Laut Gesch\u00e4ftsordnung sind j\u00e4hrlich mindestens zwei Sitzungen unter dem Vorsitz des Direktors der Schule abzuhalten.<\/p><p>Aufgaben des Schulgemeinschaftsausschusses:<\/p><p>Laut \u00a7 64 des SCHOG obliegen dem SGA unter anderem die Entscheidung \u00fcber<\/p><ul><li>mehrt\u00e4gige Schulveranstaltungen<\/li><li>die Erkl\u00e4rung einer Veranstaltung zu einer schulbezogenen Veranstaltung<\/li><li>die Durchf\u00fchrung und Terminfestlegung von Elternsprechtagen<\/li><li>die Erlassung schulautonomer Lehrplanbestimmungen<\/li><li>die schulautonome Festlegung von Er\u00f6ffnungs- und Teilungszahlen<\/li><li>schulautonome Schulzeitregelungen<\/li><li>die Erstellung von Richtlinien \u00fcber die Wiederverwendung von Schulb\u00fcchern<\/li><li>sowie die Beratung \u00fcber<\/li><li>wichtige Fragen des Unterrichts<\/li><li>wichtige Fragen der Erziehung<\/li><li>die Wahl von Unterrichtsmitteln<\/li><li>die Verwendung von der Schule zur Verwaltung \u00fcbertragenen Budgetmitteln<\/li><li>Bauma\u00dfnahmen im Bereich der Schule<\/li><\/ul>\t\t\t\t\t\t\t\t<\/div>\n\t\t\t\t\t<\/div>\n\t\t\t\t<\/div>\n\t\t\t\t<\/div>\n\t\t","protected":false},"excerpt":{"rendered":"<p>SGA-Elternverein\u200b Elternvertreter:innen (Vorstand des Elternvereins): Zusammensetzung des SGA im Schuljahr 2024\/2025 Vorsitz:\u00a0\u00a0Dir. Mag. Thomas LANGER Sch\u00fclervertreter:innen: Lehrervertreter:innen Elternvertreter:innen: Aufgaben und Kompetenzen des SGA Im SGA werden in der Drittelparit\u00e4t Lehrer [&hellip;]<\/p>\n","protected":false},"author":9,"featured_media":0,"parent":0,"menu_order":0,"comment_status":"closed","ping_status":"closed","template":"elementor_header_footer","meta":{"footnotes":""},"class_list":["post-2140","page","type-page","status-publish","hentry"],"blocksy_meta":[],"_links":{"self":[{"href":"https:\/\/www.hak-villach.at\/index.php?rest_route=\/wp\/v2\/pages\/2140","targetHints":{"allow":["GET"]}}],"collection":[{"href":"https:\/\/www.hak-villach.at\/index.php?rest_route=\/wp\/v2\/pages"}],"about":[{"href":"https:\/\/www.hak-villach.at\/index.php?rest_route=\/wp\/v2\/types\/page"}],"author":[{"embeddable":true,"href":"https:\/\/www.hak-villach.at\/index.php?rest_route=\/wp\/v2\/users\/9"}],"replies":[{"embeddable":true,"href":"https:\/\/www.hak-villach.at\/index.php?rest_route=%2Fwp%2Fv2%2Fcomments&post=2140"}],"version-history":[{"count":67,"href":"https:\/\/www.hak-villach.at\/index.php?rest_route=\/wp\/v2\/pages\/2140\/revisions"}],"predecessor-version":[{"id":2800,"href":"https:\/\/www.hak-villach.at\/index.php?rest_route=\/wp\/v2\/pages\/2140\/revisions\/2800"}],"wp:attachment":[{"href":"https:\/\/www.hak-villach.at\/index.php?rest_route=%2Fwp%2Fv2%2Fmedia&parent=2140"}],"curies":[{"name":"wp","href":"https:\/\/api.w.org\/{rel}","templated":true}]}}